{"id":7684,"date":"2021-04-12T11:45:15","date_gmt":"2021-04-12T16:45:15","guid":{"rendered":"https:\/\/learnscinow.com\/lista-de-cursos\/"},"modified":"2025-08-31T20:25:13","modified_gmt":"2025-09-01T01:25:13","slug":"lista-de-cursos","status":"publish","type":"page","link":"https:\/\/learnscinow.com\/pt-br\/lista-de-cursos\/","title":{"rendered":"Lista de cursos"},"content":{"rendered":"\t\t<div data-elementor-type=\"wp-page\" data-elementor-id=\"7684\" class=\"elementor elementor-7684 elementor-664\">\n\t\t\t\t\t\t<section class=\"elementor-section elementor-top-section elementor-element elementor-element-9b23f6c elementor-section-boxed elementor-section-height-default elementor-section-height-default\" data-id=\"9b23f6c\" data-element_type=\"section\" data-e-type=\"section\" data-settings=\"{&quot;background_background&quot;:&quot;classic&quot;}\">\n\t\t\t\t\t\t<div class=\"elementor-container elementor-column-gap-default\">\n\t\t\t\t\t<div class=\"elementor-column elementor-col-100 elementor-top-column elementor-element elementor-element-f078b5a\" data-id=\"f078b5a\" data-element_type=\"column\" data-e-type=\"column\">\n\t\t\t<div class=\"elementor-widget-wrap elementor-element-populated\">\n\t\t\t\t\t\t<div class=\"elementor-element elementor-element-28a96da elementor-widget elementor-widget-heading\" data-id=\"28a96da\" data-element_type=\"widget\" data-e-type=\"widget\" data-widget_type=\"heading.default\">\n\t\t\t\t<div class=\"elementor-widget-container\">\n\t\t\t\t\t<h2 class=\"elementor-heading-title elementor-size-default\">Cursos<\/h2>\t\t\t\t<\/div>\n\t\t\t\t<\/div>\n\t\t\t\t<div class=\"elementor-element elementor-element-5fbd2ec elementor-widget elementor-widget-text-editor\" data-id=\"5fbd2ec\" data-element_type=\"widget\" data-e-type=\"widget\" data-widget_type=\"text-editor.default\">\n\t\t\t\t<div class=\"elementor-widget-container\">\n\t\t\t\t\t\t\t\t\t<p>Torna a aprendizagem e o ensino mais eficazes com participa\u00e7\u00e3o ativa e colabora\u00e7\u00e3o dos estudantes<\/p>\t\t\t\t\t\t\t\t<\/div>\n\t\t\t\t<\/div>\n\t\t\t\t\t<\/div>\n\t\t<\/div>\n\t\t\t\t\t<\/div>\n\t\t<\/section>\n\t\t\t\t<section class=\"elementor-section elementor-top-section elementor-element elementor-element-2991d28 elementor-section-boxed elementor-section-height-default elementor-section-height-default\" data-id=\"2991d28\" data-element_type=\"section\" data-e-type=\"section\">\n\t\t\t\t\t\t<div class=\"elementor-container elementor-column-gap-default\">\n\t\t\t\t\t<div class=\"elementor-column elementor-col-100 elementor-top-column elementor-element elementor-element-33ab67d\" data-id=\"33ab67d\" data-element_type=\"column\" data-e-type=\"column\">\n\t\t\t<div class=\"elementor-widget-wrap elementor-element-populated\">\n\t\t\t\t\t\t<div class=\"elementor-element elementor-element-8388ac4 elementor-widget elementor-widget-html\" data-id=\"8388ac4\" data-element_type=\"widget\" data-e-type=\"widget\" data-widget_type=\"html.default\">\n\t\t\t\t<div class=\"elementor-widget-container\">\n\t\t\t\t\t<style>span.tutor-course-wishlist {\n    display: none;\n}\n.tutor-course-loop-meta {\n    display: none;\n}\n.tutor-course-search-field {\n    margin-top: 10%;\n}\n.tutor-course-filter-wrap {\n    display: none;\n}\n.tutor-course-lising-category {\n    display: none !important;\n}\n@media (max-width: 767px) {\n.elementor-icon-box-wrapper {\n    display: inline-flex;\n}\n.elementor-widget:not(:last-child) {\n    margin-bottom: 0px;\n}\n}\n@media (max-width: 767px) {\n.tutor-course-filter-wrapper .tutor-course-filter-container>div>div {\n    padding-right: 20px;\n}\n.tutor-wrap.tutor-courses-wrap.tutor-container.tutor-course-filter-loop-container {\n    margin-top: 20px;\n}\n}\n<\/style>\t\t\t\t<\/div>\n\t\t\t\t<\/div>\n\t\t\t\t<div class=\"elementor-element elementor-element-efbb1cd elementor-widget elementor-widget-shortcode\" data-id=\"efbb1cd\" data-element_type=\"widget\" data-e-type=\"widget\" data-widget_type=\"shortcode.default\">\n\t\t\t\t<div class=\"elementor-widget-container\">\n\t\t\t\t\t\t\t<div class=\"elementor-shortcode\">\n<div class=\"tutor-wrap tutor-wrap-parent tutor-courses-wrap tutor-container course-archive-page\" data-tutor_courses_meta=\"{&quot;course_filter&quot;:true,&quot;supported_filters&quot;:{&quot;price_type&quot;:&quot;price_type&quot;},&quot;loop_content_only&quot;:false,&quot;column_per_row&quot;:&quot;3&quot;,&quot;course_per_page&quot;:9,&quot;show_pagination&quot;:false}\">\n\t\t\t<div class=\"tutor-d-block tutor-d-xl-none tutor-mb-32\">\n\t\t\t<div class=\"tutor-d-flex tutor-align-center tutor-justify-between\">\n\t\t\t\t<span class=\"tutor-fs-3 tutor-fw-medium tutor-color-black\">Cursos<\/span>\n\t\t\t\t<a href=\"#\" class=\"tutor-iconic-btn tutor-iconic-btn-secondary tutor-iconic-btn-md\" tutor-toggle-course-filter><span class=\"tutor-icon-slider-vertical\"><\/span><\/a>\n\t\t\t<\/div>\n\t\t<\/div>\n\t\n\t<div class=\"tutor-row tutor-gx-xl-5\">\n\t\t\t\t\t<div class=\"tutor-col-3 tutor-course-filter-container\">\n\t\t\t\t<div class=\"tutor-course-filter\" tutor-course-filter>\n\t\t\t\t\t\n<form class=\"tutor-course-filter-form tutor-form\">\n\t<div class=\"tutor-mb-16 tutor-d-block tutor-d-xl-none tutor-text-right\">\n\t\t<a href=\"#\" class=\"tutor-iconic-btn tutor-mr-n8\" tutor-hide-course-filter><span class=\"tutor-icon-times\" aria-hidden=\"true\"><\/span><\/a>\n\t<\/div>\n\n\t\n\t\n\t\n\t\n\t\n\t\n\t\t\t\n\t<div class=\"tutor-widget tutor-widget-course-price tutor-mt-48\">\n\t\t<h3 class=\"tutor-widget-title\">\n\t\tPre\u00e7o\t\t<\/h3>\n\n\t\t<div class=\"tutor-widget-content\">\n\t\t\t<ul class=\"tutor-list\">\n\t\t\t\t\t\t<div class=\"tutor-list-item\">\n\t\t\t\t\t<label>\n\t\t\t\t\t\t<input type=\"checkbox\" class=\"tutor-form-check-input\" id=\"free\" name=\"tutor-course-filter-price\" value=\"free\"\/>\n\t\t\t\t\t\tGratuito\t\t\t\t\t<\/label>\n\t\t\t\t<\/div>\n\t\t\t\t\t\t\t<div class=\"tutor-list-item\">\n\t\t\t\t\t<label>\n\t\t\t\t\t\t<input type=\"checkbox\" class=\"tutor-form-check-input\" id=\"paid\" name=\"tutor-course-filter-price\" value=\"paid\"\/>\n\t\t\t\t\t\tPago\t\t\t\t\t<\/label>\n\t\t\t\t<\/div>\n\t\t\t\t\t\t<\/ul>\n\t\t<\/div>\n\t<\/div>\n\t\n\t<div class=\"tutor-widget tutor-widget-course-filter tutor-mt-32\">\n\t\t<div class=\"tutor-widget-content\">\n\t\t\t<a href=\"#\" class=\"tutor-btn tutor-btn-outline-primary tutor-btn-sm\" onclick=\"window.location.replace('https:\/\/learnscinow.com\/pt-br\/wp-json\/wp\/v2\/pages\/7684\/')\" action-tutor-clear-filter>\n\t\t\t\t<i class=\"tutor-icon-times tutor-mr-8\"><\/i> Limpar todos os filtros\t\t\t<\/a>\n\t\t<\/div>\n\t<\/div>\n\t<\/form>\n\t\t\t\t<\/div>\n\t\t\t<\/div>\n\n\t\t\t<div class=\"tutor-col-xl-9 \">\n\t\t\t\t<div>\n\t\t\t\t\t\n<!--\n\tNote: Do not remove tutor-course-filter attr. It required by _archive.js for filter function.\n!-->\n<div style=\"text-align: right;\" class=\"tutor-course-filter\" tutor-course-filter>\n\t<form style=\"display: inline-block;\">\n\t\t<select class=\"tutor-form-control tutor-form-select\" name=\"course_order\">\n\t\t\t<option value=\"newest_first\"  >\n\t\t\t\tData de lan\u00e7amento (mais nova primeiro)\t\t\t<\/option>\n\t\t\t<option value=\"oldest_first\" >\n\t\t\t\tData de lan\u00e7amento (mais antiga primeiro)\t\t\t<\/option>\n\t\t\t<option value=\"course_title_az\" >\n\t\t\t\tT\u00edtulo do curso (A-Z)\t\t\t<\/option>\n\t\t\t<option value=\"course_title_za\" >\n\t\t\t\tT\u00edtulo do curso (Z-A)\t\t\t<\/option>\n\t\t<\/select>\n\t<\/form>\n<\/div>\n<br\/>\n\t\t\t\t<\/div>\n\t\t\t\t<div class=\"tutor-pagination-wrapper-replaceable\" tutor-course-list-container>\n\t\t\t\t\t<div class=\"tutor-course-list tutor-grid tutor-grid-3\">\n<div class=\"tutor-card tutor-course-card\">\n<div class=\"tutor-course-thumbnail\">\n\t<a href=\"https:\/\/learnscinow.com\/pt-br\/courses\/curso-basico-introdutorio-de-geologia-fisica\/\" class=\"tutor-d-block\">\n\t\t<div class=\"tutor-ratio tutor-ratio-16x9\">\n\t\t\t<img decoding=\"async\" class=\"tutor-card-image-top\" src=\"https:\/\/learnscinow.com\/wp-content\/uploads\/2024\/10\/fondo1-2.jpeg\" alt=\"Curso b\u00e1sico introdut\u00f3rio de geologia f\u00edsica\" loading=\"lazy\">\n\t\t<\/div>\n\t<\/a>\n\t<\/div>\n<div class=\"tutor-course-bookmark\">\n\t<a href=\"javascript:;\"  class=\"tutor-open-login-modal save-bookmark-btn tutor-iconic-btn tutor-iconic-btn-secondary\" data-course-id=\"7871\">\n\t\t<i class=\"tutor-icon-bookmark-line\"><\/i>\n\t<\/a><\/div>\n\n<div class=\"tutor-card-body\">\n\n<div class=\"tutor-course-ratings tutor-mb-8\">\n\t\t<div class=\"tutor-ratings\">\n\t\t<div class=\"tutor-ratings-stars\">\n\t\t\t<span class=\"tutor-icon-star-line\" data-rating-value=\"1\"><\/span><span class=\"tutor-icon-star-line\" data-rating-value=\"2\"><\/span><span class=\"tutor-icon-star-line\" data-rating-value=\"3\"><\/span><span class=\"tutor-icon-star-line\" data-rating-value=\"4\"><\/span><span class=\"tutor-icon-star-line\" data-rating-value=\"5\"><\/span>\t\t<\/div>\n\n\t\t\t<\/div>\n\t<\/div>\n\n<h3 class=\"tutor-course-name tutor-fs-5 tutor-fw-medium\" title=\"Curso b\u00e1sico introdut\u00f3rio de geologia f\u00edsica\">\n\t<a href=\"https:\/\/learnscinow.com\/pt-br\/courses\/curso-basico-introdutorio-de-geologia-fisica\/\">Curso b\u00e1sico introdut\u00f3rio de geologia f\u00edsica<\/a>\n<\/h3>\n\n<div class=\"tutor-meta tutor-mt-12 tutor-mb-20\">\n\t\t\t<div>\n\t\t\t<span class=\"tutor-meta-icon tutor-icon-user-line\" aria-hidden=\"true\"><\/span>\n\t\t\t<span class=\"tutor-meta-value\">0<\/span>\n\t\t<\/div>\n\t\n\t\t\t<div>\n\t\t\t<span class=\"tutor-icon-clock-line tutor-meta-icon\" aria-hidden=\"true\"><\/span>\n\t\t\t<span class=\"tutor-meta-value\">\n\t\t\t\t 45m\t\t\t<\/span>\n\t\t<\/div>\n\t<\/div>\n\n<div class=\"tutor-meta tutor-mt-auto\">\n\t<div>\n\t\t<a href=\"https:\/\/learnscinow.com\/pt-br\/profile\/alfredospiro?view=instructor\" class=\"tutor-d-flex\">\n\t\t\t<div class=\"tutor-avatar\"><div class=\"tutor-ratio tutor-ratio-1x1\"><img decoding=\"async\" src=\"https:\/\/learnscinow.com\/wp-content\/uploads\/2024\/10\/unnamed-150x150.jpg\" alt=\"Alfredo Spiro\" \/> <\/div><\/div>\t\t<\/a>\n\t<\/div>\n\n\t<div>\n\t\tPor\t\t<a href=\"https:\/\/learnscinow.com\/pt-br\/profile\/alfredospiro?view=instructor\">Alfredo Spiro<\/a>\n\n\t\t\t\t\tDentro de\t\t\t<a href=\"https:\/\/learnscinow.com\/course-category\/earth-sciences\/?tutor-course-filter-category=70\">Earth Sciences<\/a>, <a href=\"https:\/\/learnscinow.com\/course-category\/geology\/?tutor-course-filter-category=71\">Geology<\/a>\t\t\t<\/div>\n<\/div>\n\n<\/div>\n\n<div class=\"tutor-card-footer\">\n\t<div class=\"tutor-course-list-btn\"><a href=\"https:\/\/learnscinow.com\/pt-br\/courses\/curso-basico-introdutorio-de-geologia-fisica\/\" class=\"tutor-btn tutor-btn-outline-primary tutor-btn-md tutor-btn-block tutor-open-login-modal\">Matricular-se no Curso<\/a><\/div>\t<\/div>\n<\/div>\n<\/div>\n\t\t\t\t<\/div>\n\t\t\t<\/div>\n\t\t\t<\/div>\n<\/div>\n\n\n\n<div class=\"tutor-modal tutor-login-modal\" role=\"dialog\" aria-modal=\"true\" aria-labelledby=\"tutor-login-modal-title\" aria-hidden=\"true\">\n\t<div class=\"tutor-modal-overlay\"><\/div>\n\t<div class=\"tutor-modal-window tutor-modal-window-sm\">\n\t\t<div class=\"tutor-modal-content tutor-modal-content-white\">\n\t\t\t<button class=\"tutor-iconic-btn tutor-modal-close-o\" data-tutor-modal-close aria-label=\"Close login dialog\">\n\t\t\t\t<span class=\"tutor-icon-times\" aria-hidden=\"true\"><\/span>\n\t\t\t<\/button>\n\n\t\t\t<div class=\"tutor-modal-body\">\n\t\t\t\t<div class=\"tutor-py-48\">\n\t\t\t\t\t\t\t\t\t\t<div id=\"tutor-login-modal-title\" class=\"tutor-fs-4 tutor-fw-medium tutor-color-black tutor-mb-32\">Ol\u00e1, bem-vindo de volta!<\/div>\n\t\t\t\t\t<form id=\"tutor-login-form\" method=\"post\">\n\t\t<input type=\"hidden\" id=\"_tutor_nonce\" name=\"_tutor_nonce\" value=\"8cca495ab3\" \/><input type=\"hidden\" name=\"_wp_http_referer\" value=\"\/pt-br\/wp-json\/wp\/v2\/pages\/7684\" \/>\t<input type=\"hidden\" name=\"tutor_action\" value=\"tutor_user_login\" \/>\n\t<input type=\"hidden\" name=\"redirect_to\" value=\"https:\/\/learnscinow.com\/pt-br\/wp-json\/wp\/v2\/pages\/7684\" \/>\n\n\t<div class=\"tutor-mb-20\">\n\t\t<input type=\"text\" class=\"tutor-form-control\" placeholder=\"Usu\u00e1rio ou endere\u00e7o de e-mail\" name=\"log\" value=\"\" size=\"20\" required\/>\n\t<\/div>\n\n\t<div class=\"tutor-mb-32\">\n\t\t<input type=\"password\" class=\"tutor-form-control\" placeholder=\"Senha\" name=\"pwd\" value=\"\" size=\"20\" required\/>\n\t<\/div>\n\n\t<div class=\"tutor-login-error\" role=\"alert\" aria-live=\"polite\"><\/div>\n\t\t\t<div hidden class=\"wpsec_captcha_wrapper\">\n\t\t\t<div class=\"wpsec_captcha_image\"><\/div>\n\t\t\t<label for=\"wpsec_captcha_answer\">\n\t\t\tType in the text displayed above\t\t\t<\/label>\n\t\t\t<input type=\"text\" class=\"wpsec_captcha_answer\" name=\"wpsec_captcha_answer\" value=\"\"\/>\n\t\t<\/div>\n\t\t\t\t<input type=\"hidden\" name=\"timezone\" value=\"America\/Chicago\" \/>\n\t\t<script>\n\t\t\tdocument.addEventListener('DOMContentLoaded', function() {\n\t\t\t\tconst timezone = document.querySelector('input[name=\"timezone\"]');\n\t\t\t\tif ( timezone) {\n\t\t\t\t\tconst tz = Intl.DateTimeFormat().resolvedOptions().timeZone;\n\t\t\t\t\ttimezone.value = tz\n\t\t\t\t}\n\t\t\t});\n\t\t<\/script>\n\t\t            <style type=\"text\/css\" media=\"screen\">\n                .login-action-login #loginform,\n                .login-action-lostpassword #lostpasswordform,\n                .login-action-register #registerform {\n                    width: 320px !important;\n                }\n                #login_error,\n                .message {\n                    width: 340px !important;\n                }\n                .login-action-login #loginform .gglcptch,\n                .login-action-lostpassword #lostpasswordform .gglcptch,\n                .login-action-register #registerform .gglcptch {\n                    margin-bottom: 10px;\n                }\n            <\/style>\n            <div class=\"uwp-captcha uwp-captcha-wp_login\" style=\"margin: 7px 0;clear: both;margin-bottom: 15px;\">\n            \n            <input type=\"hidden\" id=\"uwp_captcha_wp_login\" name=\"g-recaptcha-response\" class=\"g-recaptcha-response\"><script src=\"https:\/\/www.recaptcha.net\/recaptcha\/api.js?render=6Lef-c4rAAAAAHY0iKX5SE0EWo30W7uSiq7QLgKz\"><\/script>\n                            <script>\n                            if (typeof grecaptcha != 'undefined') {\n                              grecaptcha.ready(function() {\n                                  grecaptcha.execute('6Lef-c4rAAAAAHY0iKX5SE0EWo30W7uSiq7QLgKz', {action: 'uwp_captcha'}).then(function(token) {\n                                     document.getElementById('uwp_captcha_wp_login').value=token;\n                                  });\n                              });\n                              }\n                             <\/script>                    <\/div>\n        \t\t\t<div style=\"margin: 5px 0 20px;\">\n\t\t\t\t<p style=\"font-size: 14px;\">\n\t\t\t\t\tConfirme que voc\u00ea \u00e9 uma pessoa\t\t\t\t<\/p>\n\t\t\t\t<br\/>\n\t\t\t\t<label for=\"jetpack_protect_answer\" style=\"vertical-align:super;\">\n\t\t\t\t\t7 &nbsp; + &nbsp; 3 &nbsp; = &nbsp;\t\t\t\t<\/label>\n\t\t\t\t<input type=\"number\" id=\"jetpack_protect_answer\" name=\"jetpack_protect_num\" value=\"\" size=\"2\" style=\"width:50px;height:25px;vertical-align:middle;font-size:13px;\" class=\"input\" \/>\n\t\t\t\t<input type=\"hidden\" name=\"jetpack_protect_answer\" value=\"fc863f5221b5b522254cd87c4208364153e20122\" \/>\n\t\t\t<\/div>\n\t\t\t\t<div class=\"tutor-d-flex tutor-justify-between tutor-align-center tutor-mb-40\">\n\t\t<div class=\"tutor-form-check\">\n\t\t\t<input id=\"tutor-login-agmnt-1\" type=\"checkbox\" class=\"tutor-form-check-input tutor-bg-black-40\" name=\"rememberme\" value=\"forever\" \/>\n\t\t\t<label for=\"tutor-login-agmnt-1\" class=\"tutor-fs-7 tutor-color-muted\">\n\t\t\t\tManter logado\t\t\t<\/label>\n\t\t<\/div>\n\t\t<a href=\"https:\/\/learnscinow.com\/dashboard\/retrieve-password\" class=\"tutor-btn tutor-btn-ghost\">\n\t\t\tEsqueceu a senha?\t\t<\/a>\n\t<\/div>\n\n\t\t<button type=\"submit\" class=\"tutor-btn tutor-btn-primary tutor-btn-block\">\n\t\tEntrar\t<\/button>\n\n\t\t\t\t\t<div class=\"tutor-text-center tutor-fs-6 tutor-color-secondary tutor-mt-20\">\n\t\t\tAinda n\u00e3o tem uma conta?&nbsp;\n\t\t\t<a href=\"https:\/\/learnscinow.com\/student-registration\/?redirect_to=https:\/\/learnscinow.com\/pt-br\/wp-json\/wp\/v2\/pages\/7684\" class=\"tutor-btn tutor-btn-link\">\n\t\t\t\tRegistrar agora\t\t\t<\/a>\n\t\t<\/div>\n\t\t<\/form>\n<script>\n\tdocument.addEventListener('DOMContentLoaded', function() {\n\t\tvar loginModal = document.querySelector('.tutor-modal.tutor-login-modal');\n\t\tvar errors = [];\n\t\tif (loginModal && errors.length) {\n\t\t\tloginModal.classList.add('tutor-is-active');\n\t\t}\n\t});\n<\/script>\n\n\t\t\t\t\t\t\t\t\t<\/div>\n\t\t\t\t\t\t\t<\/div>\n\t\t<\/div>\n\t<\/div>\n<\/div>\n<\/div>\n\t\t\t\t\t\t<\/div>\n\t\t\t\t<\/div>\n\t\t\t\t\t<\/div>\n\t\t<\/div>\n\t\t\t\t\t<\/div>\n\t\t<\/section>\n\t\t\t\t<\/div>\n\t\t","protected":false},"excerpt":{"rendered":"<p>Cursos Torna a aprendizagem e o ensino mais eficazes com participa\u00e7\u00e3o ativa e colabora\u00e7\u00e3o dos estudantes<\/p>\n","protected":false},"author":2,"featured_media":0,"parent":0,"menu_order":0,"comment_status":"closed","ping_status":"closed","template":"elementor_header_footer","meta":{"_coblocks_attr":"","_coblocks_dimensions":"","_coblocks_responsive_height":"","_coblocks_accordion_ie_support":"","_tutorstarter_page_metadata":[],"footnotes":""},"class_list":["post-7684","page","type-page","status-publish","hentry"],"yoast_head":"<!-- This site is optimized with the Yoast SEO plugin v27.4 - https:\/\/yoast.com\/product\/yoast-seo-wordpress\/ -->\n<title>Lista de cursos - Sciences Courses<\/title>\n<meta name=\"description\" content=\"Cursos    Torna a aprendizagem e o ensino mais eficazes com participa\u00e7\u00e3o ativa e colabora\u00e7\u00e3o dos estudantes\" \/>\n<meta name=\"robots\" content=\"index, follow, max-snippet:-1, max-image-preview:large, max-video-preview:-1\" \/>\n<link rel=\"canonical\" href=\"https:\/\/learnscinow.com\/pt-br\/lista-de-cursos\/\" \/>\n<meta property=\"og:locale\" content=\"pt_BR\" \/>\n<meta property=\"og:type\" content=\"article\" \/>\n<meta property=\"og:title\" content=\"Lista de cursos - Sciences Courses\" \/>\n<meta property=\"og:description\" content=\"Cursos    Torna a aprendizagem e o ensino mais eficazes com participa\u00e7\u00e3o ativa e colabora\u00e7\u00e3o dos estudantes\" \/>\n<meta property=\"og:url\" content=\"https:\/\/learnscinow.com\/pt-br\/lista-de-cursos\/\" \/>\n<meta property=\"og:site_name\" content=\"Learn Sci Now\" \/>\n<meta property=\"article:publisher\" content=\"https:\/\/www.facebook.com\/learnscinow\" \/>\n<meta property=\"article:modified_time\" content=\"2025-09-01T01:25:13+00:00\" \/>\n<meta name=\"twitter:card\" content=\"summary_large_image\" \/>\n<script type=\"application\/ld+json\" class=\"yoast-schema-graph\">{\"@context\":\"https:\\\/\\\/schema.org\",\"@graph\":[{\"@type\":\"WebPage\",\"@id\":\"https:\\\/\\\/learnscinow.com\\\/pt-br\\\/lista-de-cursos\\\/\",\"url\":\"https:\\\/\\\/learnscinow.com\\\/pt-br\\\/lista-de-cursos\\\/\",\"name\":\"Lista de cursos - Sciences Courses\",\"isPartOf\":{\"@id\":\"https:\\\/\\\/learnscinow.com\\\/pt-br\\\/#website\"},\"datePublished\":\"2021-04-12T16:45:15+00:00\",\"dateModified\":\"2025-09-01T01:25:13+00:00\",\"description\":\"Cursos Torna a aprendizagem e o ensino mais eficazes com participa\u00e7\u00e3o ativa e colabora\u00e7\u00e3o dos estudantes\",\"breadcrumb\":{\"@id\":\"https:\\\/\\\/learnscinow.com\\\/pt-br\\\/lista-de-cursos\\\/#breadcrumb\"},\"inLanguage\":\"pt-BR\",\"potentialAction\":[{\"@type\":\"ReadAction\",\"target\":[\"https:\\\/\\\/learnscinow.com\\\/pt-br\\\/lista-de-cursos\\\/\"]}]},{\"@type\":\"BreadcrumbList\",\"@id\":\"https:\\\/\\\/learnscinow.com\\\/pt-br\\\/lista-de-cursos\\\/#breadcrumb\",\"itemListElement\":[{\"@type\":\"ListItem\",\"position\":1,\"name\":\"Home\",\"item\":\"https:\\\/\\\/learnscinow.com\\\/pt-br\\\/marketplace\\\/\"},{\"@type\":\"ListItem\",\"position\":2,\"name\":\"Lista de cursos\"}]},{\"@type\":\"WebSite\",\"@id\":\"https:\\\/\\\/learnscinow.com\\\/pt-br\\\/#website\",\"url\":\"https:\\\/\\\/learnscinow.com\\\/pt-br\\\/\",\"name\":\"Learn Sci Now\",\"description\":\"Sciences Courses\",\"potentialAction\":[{\"@type\":\"SearchAction\",\"target\":{\"@type\":\"EntryPoint\",\"urlTemplate\":\"https:\\\/\\\/learnscinow.com\\\/pt-br\\\/?s={search_term_string}\"},\"query-input\":{\"@type\":\"PropertyValueSpecification\",\"valueRequired\":true,\"valueName\":\"search_term_string\"}}],\"inLanguage\":\"pt-BR\"}]}<\/script>\n<!-- \/ Yoast SEO plugin. -->","yoast_head_json":{"title":"Lista de cursos - Sciences Courses","description":"Cursos    Torna a aprendizagem e o ensino mais eficazes com participa\u00e7\u00e3o ativa e colabora\u00e7\u00e3o dos estudantes","robots":{"index":"index","follow":"follow","max-snippet":"max-snippet:-1","max-image-preview":"max-image-preview:large","max-video-preview":"max-video-preview:-1"},"canonical":"https:\/\/learnscinow.com\/pt-br\/lista-de-cursos\/","og_locale":"pt_BR","og_type":"article","og_title":"Lista de cursos - Sciences Courses","og_description":"Cursos    Torna a aprendizagem e o ensino mais eficazes com participa\u00e7\u00e3o ativa e colabora\u00e7\u00e3o dos estudantes","og_url":"https:\/\/learnscinow.com\/pt-br\/lista-de-cursos\/","og_site_name":"Learn Sci Now","article_publisher":"https:\/\/www.facebook.com\/learnscinow","article_modified_time":"2025-09-01T01:25:13+00:00","twitter_card":"summary_large_image","schema":{"@context":"https:\/\/schema.org","@graph":[{"@type":"WebPage","@id":"https:\/\/learnscinow.com\/pt-br\/lista-de-cursos\/","url":"https:\/\/learnscinow.com\/pt-br\/lista-de-cursos\/","name":"Lista de cursos - Sciences Courses","isPartOf":{"@id":"https:\/\/learnscinow.com\/pt-br\/#website"},"datePublished":"2021-04-12T16:45:15+00:00","dateModified":"2025-09-01T01:25:13+00:00","description":"Cursos Torna a aprendizagem e o ensino mais eficazes com participa\u00e7\u00e3o ativa e colabora\u00e7\u00e3o dos estudantes","breadcrumb":{"@id":"https:\/\/learnscinow.com\/pt-br\/lista-de-cursos\/#breadcrumb"},"inLanguage":"pt-BR","potentialAction":[{"@type":"ReadAction","target":["https:\/\/learnscinow.com\/pt-br\/lista-de-cursos\/"]}]},{"@type":"BreadcrumbList","@id":"https:\/\/learnscinow.com\/pt-br\/lista-de-cursos\/#breadcrumb","itemListElement":[{"@type":"ListItem","position":1,"name":"Home","item":"https:\/\/learnscinow.com\/pt-br\/marketplace\/"},{"@type":"ListItem","position":2,"name":"Lista de cursos"}]},{"@type":"WebSite","@id":"https:\/\/learnscinow.com\/pt-br\/#website","url":"https:\/\/learnscinow.com\/pt-br\/","name":"Learn Sci Now","description":"Sciences Courses","potentialAction":[{"@type":"SearchAction","target":{"@type":"EntryPoint","urlTemplate":"https:\/\/learnscinow.com\/pt-br\/?s={search_term_string}"},"query-input":{"@type":"PropertyValueSpecification","valueRequired":true,"valueName":"search_term_string"}}],"inLanguage":"pt-BR"}]}},"jetpack_sharing_enabled":true,"_links":{"self":[{"href":"https:\/\/learnscinow.com\/pt-br\/wp-json\/wp\/v2\/pages\/7684","targetHints":{"allow":["GET"]}}],"collection":[{"href":"https:\/\/learnscinow.com\/pt-br\/wp-json\/wp\/v2\/pages"}],"about":[{"href":"https:\/\/learnscinow.com\/pt-br\/wp-json\/wp\/v2\/types\/page"}],"author":[{"embeddable":true,"href":"https:\/\/learnscinow.com\/pt-br\/wp-json\/wp\/v2\/users\/2"}],"replies":[{"embeddable":true,"href":"https:\/\/learnscinow.com\/pt-br\/wp-json\/wp\/v2\/comments?post=7684"}],"version-history":[{"count":1,"href":"https:\/\/learnscinow.com\/pt-br\/wp-json\/wp\/v2\/pages\/7684\/revisions"}],"predecessor-version":[{"id":7689,"href":"https:\/\/learnscinow.com\/pt-br\/wp-json\/wp\/v2\/pages\/7684\/revisions\/7689"}],"wp:attachment":[{"href":"https:\/\/learnscinow.com\/pt-br\/wp-json\/wp\/v2\/media?parent=7684"}],"curies":[{"name":"wp","href":"https:\/\/api.w.org\/{rel}","templated":true}]}}